{"id":939,"date":"2022-02-08T17:16:11","date_gmt":"2022-02-08T16:16:11","guid":{"rendered":"https:\/\/joannaeber.de\/impressum"},"modified":"2022-03-17T15:42:16","modified_gmt":"2022-03-17T14:42:16","slug":"imprint","status":"publish","type":"page","link":"https:\/\/joannaeber.de\/en\/imprint","title":{"rendered":"Imprint"},"content":{"rendered":"\r\n<h1>Impressum<\/h1>\r\n<h4>Angaben gem. 5 TMG<\/h4>\r\n<p>Heilpraktikerin Joanna Eber<br \/>Essenbacher Stra\u00dfe 19<br \/>D-91054 Erlangen<br \/>(ebenfalls Verantwortlicher f\u00fcr den Inhalt der Homepage i.S.d. 18 Abs. 2 MStV) Telefon +49 911 891 77 43<br \/>info@joannaeber.de<br \/>www.joannaeber.de<\/p>\r\n<p>Gesetzliche Berufsbezeichnung: Heilpraktiker, verliehen in der Bundesrepublik Deutschland, erteilt durch\u00a0das Gesundheitsamt Erlangen am 16.05.2013<\/p>\r\n<p>Zust\u00e4ndige Aufsichtsbeh\u00f6rde: Staatliches Gesundheitsamt Erlangen, N\u00e4gelsbachstra\u00dfe 1, 91052 Erlangen<\/p>\r\n<h4>Berufsrechtliche Regelungen:<\/h4>\r\n<ul>\r\n<li>\r\n<ul>\r\n<li>Gesetz \u00fcber die berufsm\u00e4\u00dfige Aus\u00fcbung der Heilkunde ohne Bestallung, Heilpraktikergesetz, <a href=\"https:\/\/www.gesetze-im-internet.de\/heilprgdv_1\/BJNR002590939.html\" target=\"_blank\" rel=\"noopener\">BGBl., III 2122-2<\/a><\/li>\r\n<li>Durchf\u00fchrungsverordnung zum Heilpraktikergesetz, <a href=\"https:\/\/www.gesetze-im-internet.de\/heilprgdv_1\/BJNR002590939.html\" target=\"_blank\" rel=\"noopener\">BGBl., III 2122-2-1<\/a><\/li>\r\n<li><a href=\"http:\/\/www.bdhn.de\/berufsordnung.html\" target=\"_blank\" rel=\"noopener\">Berufsordnung f\u00fcr Heilpraktiker<\/a><\/li>\r\n<\/ul>\r\n<\/li>\r\n<\/ul>\r\n<p>Der Titel \u201eHeilpraktiker&#8221; ist eine in Deutschland nach dem Heilpraktikergesetz (HPG) vom 17.2.1939 erteilte Berufsbezeichnung. \u00dcber den Antrag auf Erteilung entscheidet nach der Durchf\u00fchrungsverordnung zum Heilpraktikergesetz (DVO) vom 18.02.1939 die Untere Verwaltungsbeh\u00f6rde.<br \/>Heilkundliche T\u00e4tigkeit ist von der Umsatzsteuer nach gem\u00e4\u00df \u00a7 4 Nr.14 UStG befreit.\u00a0Umsatzsteuer-Identifikationsnummer: DE308177572<\/p>\r\n<h4>Angaben zur Berufshaftpflichtversicherung:<\/h4>\r\n<p>Name und Sitz des Versicherers:\u00a0Bayrischer Versicherungsverband Versicherungsaktiengesellschaft (BVV AG)<br \/>Maximilianstra\u00dfe 53, 80530 M\u00fcnchen<\/p>\r\n<p>Geltungsraum der Versicherung: Europa<\/p>\r\n<h4>Mitgliedschaft:<\/h4>\r\n<p>Bund Deutscher Heilpraktiker und Naturheilkundiger e.V. Der bundesweit t\u00e4tige Verband z\u00e4hlt rund 3300 Mitglieder und f\u00fchrt monatliche Fachfortbildungen und Qualifikationen durch.<\/p>\r\n<p>Weiglstr. 9, 80636 M\u00fcnchen<br \/>Tel: 089\/6018429<br \/>Fax: 089\/6017913<br \/>Email: sekretariat@bdhn.de<br \/>www.bdhn.de<\/p>\r\n<p>F\u00fcr die Inhalte auf die von mir verlinkten Webseiten \u00fcbernehme ich keine Verantwortung; verantwortlich f\u00fcr den Inhalt der verlinkten Seiten ist vielmehr der jeweilige Betreiber. Sollten Sie Kenntnis davon haben, dass ein Link von mir auf eine Website mit rechtsverletzenden Inhalten verweist, senden Sie mir bitte umgehend eine E-Mail, damit die entsprechende Verlinkung entfernt werden kann.<\/p>\r\n","protected":false},"excerpt":{"rendered":"<p>Impressum Angaben gem. 5 TMG Heilpraktikerin Joanna EberEssenbacher Stra\u00dfe 19D-91054 Erlangen(ebenfalls Verantwortlicher f\u00fcr den Inhalt der Homepage i.S.d. 18 Abs. 2 MStV) Telefon +49 911 891 77 43info@joannaeber.dewww.joannaeber.de Gesetzliche Berufsbezeichnung: Heilpraktiker, verliehen in der Bundesrepublik Deutschland, erteilt durch\u00a0das Gesundheitsamt Erlangen am 16.05.2013 Zust\u00e4ndige Aufsichtsbeh\u00f6rde: Staatliches Gesundheitsamt Erlangen, N\u00e4gelsbachstra\u00dfe 1, 91052 Erlangen Berufsrechtliche Regelungen: Gesetz \u00fcber&hellip;<\/p>\n","protected":false},"author":2,"featured_media":0,"parent":0,"menu_order":0,"comment_status":"closed","ping_status":"closed","template":"","meta":{"footnotes":""},"class_list":["post-939","page","type-page","status-publish","hentry"],"_links":{"self":[{"href":"https:\/\/joannaeber.de\/en\/wp-json\/wp\/v2\/pages\/939","targetHints":{"allow":["GET"]}}],"collection":[{"href":"https:\/\/joannaeber.de\/en\/wp-json\/wp\/v2\/pages"}],"about":[{"href":"https:\/\/joannaeber.de\/en\/wp-json\/wp\/v2\/types\/page"}],"author":[{"embeddable":true,"href":"https:\/\/joannaeber.de\/en\/wp-json\/wp\/v2\/users\/2"}],"replies":[{"embeddable":true,"href":"https:\/\/joannaeber.de\/en\/wp-json\/wp\/v2\/comments?post=939"}],"version-history":[{"count":1,"href":"https:\/\/joannaeber.de\/en\/wp-json\/wp\/v2\/pages\/939\/revisions"}],"predecessor-version":[{"id":940,"href":"https:\/\/joannaeber.de\/en\/wp-json\/wp\/v2\/pages\/939\/revisions\/940"}],"wp:attachment":[{"href":"https:\/\/joannaeber.de\/en\/wp-json\/wp\/v2\/media?parent=939"}],"curies":[{"name":"wp","href":"https:\/\/api.w.org\/{rel}","templated":true}]}}